{"id":120,"date":"2018-03-29T17:42:16","date_gmt":"2018-03-29T16:42:16","guid":{"rendered":"https:\/\/serranderoma.com\/?page_id=120"},"modified":"2018-03-29T17:42:16","modified_gmt":"2018-03-29T16:42:16","slug":"informativa-privacy","status":"publish","type":"page","link":"https:\/\/serranderoma.com\/index.php\/informativa-privacy\/","title":{"rendered":"Informativa Privacy"},"content":{"rendered":"<p>Questa policy riguardante la privacy riguarda il sito web serranderoma.com , il quale commercia sotto il nome di SerrandeRoma e governa la privacy degli utenti che scelgono di servirsi dei suoi servizi.<br \/>\nLa polizza definisce le differenti aree in cui la privacy dell\u2019utente e\u2019 minacciata ed evidenzia gli obblighi e i requisiti degli utenti, del sito e dei proprietary del sito. Inoltre all\u2019interno di questa polizza sono indicati in dettaglio i modi in cui il sito webami.it processa, immagazzina e protegge i dati degli utenti.<\/p>\n<p>Il sito web<br \/>\nQuesto sito e i suoi proprietari hanno un approccio proattivo per tutelare la privacy dell\u2019utente e garantire che le necessarie precauzioni siano prese per proteggere la privacy dell\u2019utente durante la sua visita. Questo sito e\u2019 in conformita\u2019 con tutte le leggi nazionali Italiane e tutti i requisiti per la privacy.<\/p>\n<p>Utilizzo dei cookies<br \/>\nQuesto sito utilizza cookies per migliorare l\u2019esperienza dell\u2019utente durante la visita al sito web. Dove possibile questo sito web utilizza un sistema di controllo dei cookie permettendo all\u2019utente durante la sua prima visita al sito di acconsentire o meno all\u2019utilizzo dei cookie sul proprio computer\/smartphone o altro dispositivo in grado di accedere al sito. Questo e\u2019 in conformita\u2019 con la recente norma legislativa che impone a tutti i siti web di ottenere esplicitamente il consenso dall\u2019utente prima di lasciare tracce di file come i cookie sul computer\/smartphone o altro dispositivo dell\u2019utente.<br \/>\nI cookie sono piccoli file salvati nella memoria rigida del dispositivo che tracciano, salvano e immagazzinano informazioni rigurdo alle interazioni dell\u2019utente e all\u2019utilizzo del sito. Questo permette al sito, attraverso il proprio server, di fornire all\u2019utente un\u2019esperienza di navigazione dedicata sul sito.<br \/>\nGli utenti sono avvisati che nel caso in cui desiderino rifiutare l\u2019uso dei cookie e il loro salvataggio da parte di questo sito web, dovranno prendere le dovute precauzioni per quanto riguarda i sistemi di sicurezza del loro browser web per bloccare i cookie da questo sito e dai suoi venditori esterni.<br \/>\nQuesto sito web utilizza un software di tracciamento per monitorare i suoi visitatori per meglio comprendere come loro utilizzino questo sito. Questo software di tracciamento e\u2019 fornito da Google Analytcs che utilizza i cookie per monitorare l\u2019utilizzo del sito da parte dell\u2019utente. Questo software salver\u00e0 dei cookie nel disco rigido del vostro computer per tracciare e monitorare i vostri contatti con il sito e l\u2019utilizzo che ne farete, ma non immagazziner\u00e0, salver\u00e0 o raccoglier\u00e0 informazioni personali. La polizza riguardante la privacy di Google Analytics pu\u00f2 essere reperita a questo indirizzo http:\/\/www.google.com\/privacy.html per maggiori informazioni.<br \/>\nAltri cookie possono essere immagazzinati nel disco rigido del vostro computer da venditori esterni nel caso in cui questo sito utilizzi programmi richiamati esternamente, collegamenti sponsorizzati o annunci pubblicitari. Questi cookie sono usati per effettuare conversioni e fornire riferimenti per tracciare l\u2019attivit\u00e0 degli utenti sul sito e normalmente scadono dopo 30 giorni dalla loro registrazione. Ciononostante possono permanere pi\u00f9 a lungo. Nessuna informazione personale e\u2019 salvata, immagazzinata o raccolta.<\/p>\n<p>Contatti e comunicazione<br \/>\nGli utenti contattando questo sito e\/o i suoi proprietari lo fanno a propria discrezione e forniscono qualsivoglia informazione personale a proprio rischio. Le vostre informazioni personali sono mantenute private e immagazzinate in modo sicuro esclusivamente per il tempo necessario, come indicato nel Data Protection Act del 1998. Ogni sforzo e\u2019 stato fatto per garantire un modulo sicuro per l\u2019invio di email per il completamento del processo ma vogliamo avvisare gli utenti che utilizzando tale modulo lo fanno a proprio rischio.<br \/>\nIl sito e i suoi proprietari utilizzano ogni informazione inviata per fornire agli utilizzatori del sito ancora piu informazioni riguardo ai propri prodotti e servizi offerti o per fornire assistenza, rispondendo alle domande o richieste di informazioni che gli utilizzatori possano aver inviato.<br \/>\nQuesto include l\u2019utilizzo delle vostre informazioni per iscrivervi ad una newsletter in formato email prodotta dal nostro sito, ma solo se tale iscrizione vi sia stata esplicitamente e chiaramente proposta e Voi abbiate espressamente acconsentito durante la compilazione del modulo. Inoltre l\u2019iscrizione avverra\u2019 solo nel caso in cui abbiate in precedenza acquistato o richiesto informazioni riguardo l\u2019acquisto di un prodotto o un servizio dalla societa\u2019 di cui la newsletter tratta.<\/p>\n<p>Email Newsletter<br \/>\nQuesto sito web offre un servizio di newsletter, utilizzato per informare coloro che lo sottoscrivono riguardo ai prodotti e servizi forniti da questo sito. Gli utenti possono iscriversi alla newsletter utlizzando un sistema automatizzato online, l\u2019utilizzo di tale sistema e\u2019 a discrezione dell\u2019utente stesso. Alcune sottoscrizioni potranno essere attivate manualmente previo accordo scritto con l\u2019utente.<br \/>\nLe sottoscrizioni sono fatte in conformita\u2019 con la legge contro lo spam, come descritto nella legge: Privacy and Electronic Communication Regulations del 2003. Tutti i dettagli personali riguardanti le sottoscrizioni sono conservati al sicuro in coonformit\u00e0 con il Data Protection Act del 1998. Nessun dettaglio personale e\u2019 passato a terze parti o condiviso con altre compagnie o personeal di fuori della compagnia che opera questo sito web. In conformit\u00e0 con il Data Protection Act del 1998 Vi e\u2019 consentito richiedere una copia delle informazioni personali conservate dal software che gestisce la newsletter di questo sito web. Una piccola tassa per processare ed inviarvi tali dati dovr\u00e0 essere pagata in tal caso. Per richiedere la copia di tali informazioni di cui siamo in possesso siete pregati di inviarci una lettera al nostro indirizzo indicato a pie di pagina. Le campagne di marketing via email prodotte da questo sito web o da i suoi proprietari possono contenere sistemi di tracciamento all\u2019interno delle email stesse. Le attivit\u00e0 degli utenti sono monitorate e salvate in un database per analisi presenti e future nonch\u00e9 per valutazioni. Tali attivit\u00e0 di tracciamento includono: apertura delle email, inoltro delle email, il cliccare un collegamento contenuto all\u2019interno della mail stessa, numero di volte, data e frequenza di queste attivit\u00e0. [questa lista non e\u2019 esaustiva, ma solo indicativa]. Queste informazioni sono utilizzate per rifinire le future campagne via email e fornire l\u2019utente di contenuti pi\u00f9 rilevanti basandosi sulle sue attivit\u00e0.<br \/>\nIn conformit\u00e0 con la legge Italiana riguardo allo Spam e alla Privacy e alla regolamentazione dei sistemi di comunicazione elettronici, a tutti coloro che si sono iscritti alla newsletter e\u2019 data la possibilit\u00e0 di cancellare la propria iscrizione in ogni momento attraverso un sistema automatico. Questo processo e\u2019 spiegato in dettaglio a pie\u2019 di pagina di ogni email di ogni campagna. Nel caso in cui non fosse disponibile un sistema automatico per annullare l\u2019iscrizione saranno fornite chiare istruzioni su come annullarla manualmente.<\/p>\n<p>Collegamenti esterni<br \/>\nSebbene questo sito web si preoccupi di includere esclusivamente collegamenti a siti esterni ritenuti sicuri, rilevanti e di qualita\u2019, si consiglia agli utenti di adottare cautela prima di cliccare qualsivoglia collegamento a siti esterni menzionati all\u2019interno di questo sito web. (Per collegamenti esterni si intendono tutti i testi, banner, immagini cliccabili che collegano a siti esterni, analogamente al sito www.website.co.uk al link See Our Partners Products Here).<br \/>\nNonostante i loro sforzi, i proprietari di questo sito web non possono garantire o verificare i contenuti di alcun sito esterno collegato a questo sito. Gli utenti devono quindi avere in mente che il seguire un collegamento ad un sito esterno e\u2019 fatto a proprio rischio e pericolo e che questo sito e i suoi proprietari non sono considerabili responsabili per alcun danno o implicazione causata dall\u2019aver seguito collegamenti a siti esterni.<\/p>\n<p>Annunci pubblicitari e collegamenti sponsorizzati<br \/>\nQuesto sito web puo contenere collegamenti sponsorizzati o annunci pubblicitari. Tipicamente tali collegamenti o annunci sono forniti dai nostri partner pubbicitari, i quali possono avere polizze sulla privacy direttamente inerenti agli annunci pubblicitari forniti. Cliccando su tali annunci verrete reinderizzati al sito che ha prodotto l\u2019annuncio attraverso un programma di richiamo che puo\u2019 utilizzare cookie, che possono potenzialmente essere salvati sul vostro computer. Glli utenti dovrebbero quindi notare che il cliccare e seguire un collegamento sponsorizzato viene fatto esclusivamente a proprio rischio e pericolo e che questo sito e i suoi proprietari non sono considerabili responsabili per danni o implicazioni causata dlla visita di qualsivoglia sito esterno.<\/p>\n<p>Social Media platform<br \/>\nL\u2019interazione, il coinvolgimento e le azioni realizzate attraverso piattaforme social media esterne o che questo sito web e i suoi proprietari utlilizzano sono regolamentate da ulteriori condizioni d\u2019uso in conformita\u2019 con la polizza sulla privacy di ogni social media platform. Si consiglia agli utenti di usare in maniera saggia e attenta qualsiasi Social Media Platform e comunicare con estrema cautela dati sensibili per salvaguardare la propria privacy. Ne\u2019 questo sito ne\u2019 i suoi proprietari chiederanno mai alcna informazione personale o sensibile attraverso Social Media Platform e qualora sia necessario incoraggiano tutti gli utenti ad utilizzare forme di comunicazione piu dirette e sicure per comunicare tali dati, come via telefono o via posta.<br \/>\nQuesto sito web potrebbe utilizzare tasti con iper-link per facilitare la condivisione di contenuti fornendo un collegamento diretto dal sito web alla Social Media Platform in questione. Gli utenti sono avvisati che prima di usare tali tasti per la condivisione di contenuti che l\u2019utilizzo di tali collegamenti e\u2019 fatto a proprio rischio e pericolo. Si prega di notare inoltre che la Social Media Platform puo tracciare e salvare la richiesta dell\u2019utente, per condividerla su una pagina web a propria discrezione.<\/p>\n<p>Collegamenti \u201caccorciati\u201d sui Social Media<br \/>\nQuesto sito web e i suoi proprietari attraverso i loro account sulle social media platform possono condividere collegamenti web ad altre pagine web rilevanti. Di default alcune social media platform accorciano i collegamenti eccessivamente lunghi (gli indirizzi web) (per esempio: http:\/\/bit.ly\/zyVUBo).<br \/>\nGli utenti sono avvisati di fare attenzione e avere giudizio prima di cliccare e seguire tali collegamenti accorciati pubblicati su social media platform da questo sito o dai suoi proprietari. Nonostante i migliori sforzi per assicurare solo collegamenti genuini molte social media platform sono pronte a creare spam e a fornire vie di accesso per hacker al vostro sistema, perci\u00f2 questo sito e i suoi proprietari non possono essere considerati responsabili per alcun danno o implicazione causata dalla visita dei siti web presentati con collegamenti accorciati.<\/p>\n","protected":false},"excerpt":{"rendered":"<p>Questa policy riguardante la privacy riguarda il sito web serranderoma.com , il quale commercia sotto il nome di SerrandeRoma e governa la privacy degli utenti che scelgono di servirsi dei suoi servizi. La polizza definisce le differenti aree in cui la privacy dell\u2019utente e\u2019 minacciata ed evidenzia gli obblighi e i requisiti degli utenti, del [&hellip;]\n","protected":false},"author":1,"featured_media":0,"parent":0,"menu_order":0,"comment_status":"closed","ping_status":"closed","template":"","meta":{"jetpack_post_was_ever_published":false,"footnotes":""},"class_list":["post-120","page","type-page","status-publish","hentry"],"yoast_head":"<!-- This site is optimized with the Yoast SEO plugin v26.9 - https:\/\/yoast.com\/product\/yoast-seo-wordpress\/ -->\n<title>Informativa Privacy - Serrande Roma<\/title>\n<meta name=\"robots\" content=\"index, follow, max-snippet:-1, max-image-preview:large, max-video-preview:-1\" \/>\n<link rel=\"canonical\" href=\"https:\/\/serranderoma.com\/index.php\/informativa-privacy\/\" \/>\n<meta property=\"og:locale\" content=\"it_IT\" \/>\n<meta property=\"og:type\" content=\"article\" \/>\n<meta property=\"og:title\" content=\"Informativa Privacy - Serrande Roma\" \/>\n<meta property=\"og:description\" content=\"Questa policy riguardante la privacy riguarda il sito web serranderoma.com , il quale commercia sotto il nome di SerrandeRoma e governa la privacy degli utenti che scelgono di servirsi dei suoi servizi. La polizza definisce le differenti aree in cui la privacy dell\u2019utente e\u2019 minacciata ed evidenzia gli obblighi e i requisiti degli utenti, del [&hellip;]\" \/>\n<meta property=\"og:url\" content=\"https:\/\/serranderoma.com\/index.php\/informativa-privacy\/\" \/>\n<meta property=\"og:site_name\" content=\"Serrande Roma\" \/>\n<meta property=\"article:publisher\" content=\"https:\/\/www.facebook.com\/MDR-Riparazione-Serrande-a-Roma-426713687756219\/\" \/>\n<meta name=\"twitter:card\" content=\"summary_large_image\" \/>\n<meta name=\"twitter:label1\" content=\"Tempo di lettura stimato\" \/>\n\t<meta name=\"twitter:data1\" content=\"8 minuti\" \/>\n<script type=\"application\/ld+json\" class=\"yoast-schema-graph\">{\"@context\":\"https:\/\/schema.org\",\"@graph\":[{\"@type\":\"WebPage\",\"@id\":\"https:\/\/serranderoma.com\/index.php\/informativa-privacy\/\",\"url\":\"https:\/\/serranderoma.com\/index.php\/informativa-privacy\/\",\"name\":\"Informativa Privacy - Serrande Roma\",\"isPartOf\":{\"@id\":\"https:\/\/serranderoma.com\/#website\"},\"datePublished\":\"2018-03-29T16:42:16+00:00\",\"breadcrumb\":{\"@id\":\"https:\/\/serranderoma.com\/index.php\/informativa-privacy\/#breadcrumb\"},\"inLanguage\":\"it-IT\",\"potentialAction\":[{\"@type\":\"ReadAction\",\"target\":[\"https:\/\/serranderoma.com\/index.php\/informativa-privacy\/\"]}]},{\"@type\":\"BreadcrumbList\",\"@id\":\"https:\/\/serranderoma.com\/index.php\/informativa-privacy\/#breadcrumb\",\"itemListElement\":[{\"@type\":\"ListItem\",\"position\":1,\"name\":\"Home\",\"item\":\"https:\/\/serranderoma.com\/\"},{\"@type\":\"ListItem\",\"position\":2,\"name\":\"Informativa Privacy\"}]},{\"@type\":\"WebSite\",\"@id\":\"https:\/\/serranderoma.com\/#website\",\"url\":\"https:\/\/serranderoma.com\/\",\"name\":\"Serrande Roma\",\"description\":\"Riparazione, Installazione e Pronto Intervento Serrande a Roma\",\"potentialAction\":[{\"@type\":\"SearchAction\",\"target\":{\"@type\":\"EntryPoint\",\"urlTemplate\":\"https:\/\/serranderoma.com\/?s={search_term_string}\"},\"query-input\":{\"@type\":\"PropertyValueSpecification\",\"valueRequired\":true,\"valueName\":\"search_term_string\"}}],\"inLanguage\":\"it-IT\"}]}<\/script>\n<!-- \/ Yoast SEO plugin. -->","yoast_head_json":{"title":"Informativa Privacy - Serrande Roma","robots":{"index":"index","follow":"follow","max-snippet":"max-snippet:-1","max-image-preview":"max-image-preview:large","max-video-preview":"max-video-preview:-1"},"canonical":"https:\/\/serranderoma.com\/index.php\/informativa-privacy\/","og_locale":"it_IT","og_type":"article","og_title":"Informativa Privacy - Serrande Roma","og_description":"Questa policy riguardante la privacy riguarda il sito web serranderoma.com , il quale commercia sotto il nome di SerrandeRoma e governa la privacy degli utenti che scelgono di servirsi dei suoi servizi. La polizza definisce le differenti aree in cui la privacy dell\u2019utente e\u2019 minacciata ed evidenzia gli obblighi e i requisiti degli utenti, del [&hellip;]","og_url":"https:\/\/serranderoma.com\/index.php\/informativa-privacy\/","og_site_name":"Serrande Roma","article_publisher":"https:\/\/www.facebook.com\/MDR-Riparazione-Serrande-a-Roma-426713687756219\/","twitter_card":"summary_large_image","twitter_misc":{"Tempo di lettura stimato":"8 minuti"},"schema":{"@context":"https:\/\/schema.org","@graph":[{"@type":"WebPage","@id":"https:\/\/serranderoma.com\/index.php\/informativa-privacy\/","url":"https:\/\/serranderoma.com\/index.php\/informativa-privacy\/","name":"Informativa Privacy - Serrande Roma","isPartOf":{"@id":"https:\/\/serranderoma.com\/#website"},"datePublished":"2018-03-29T16:42:16+00:00","breadcrumb":{"@id":"https:\/\/serranderoma.com\/index.php\/informativa-privacy\/#breadcrumb"},"inLanguage":"it-IT","potentialAction":[{"@type":"ReadAction","target":["https:\/\/serranderoma.com\/index.php\/informativa-privacy\/"]}]},{"@type":"BreadcrumbList","@id":"https:\/\/serranderoma.com\/index.php\/informativa-privacy\/#breadcrumb","itemListElement":[{"@type":"ListItem","position":1,"name":"Home","item":"https:\/\/serranderoma.com\/"},{"@type":"ListItem","position":2,"name":"Informativa Privacy"}]},{"@type":"WebSite","@id":"https:\/\/serranderoma.com\/#website","url":"https:\/\/serranderoma.com\/","name":"Serrande Roma","description":"Riparazione, Installazione e Pronto Intervento Serrande a Roma","potentialAction":[{"@type":"SearchAction","target":{"@type":"EntryPoint","urlTemplate":"https:\/\/serranderoma.com\/?s={search_term_string}"},"query-input":{"@type":"PropertyValueSpecification","valueRequired":true,"valueName":"search_term_string"}}],"inLanguage":"it-IT"}]}},"jetpack_sharing_enabled":true,"jetpack_shortlink":"https:\/\/wp.me\/P9N3YR-1W","_links":{"self":[{"href":"https:\/\/serranderoma.com\/index.php\/wp-json\/wp\/v2\/pages\/120","targetHints":{"allow":["GET"]}}],"collection":[{"href":"https:\/\/serranderoma.com\/index.php\/wp-json\/wp\/v2\/pages"}],"about":[{"href":"https:\/\/serranderoma.com\/index.php\/wp-json\/wp\/v2\/types\/page"}],"author":[{"embeddable":true,"href":"https:\/\/serranderoma.com\/index.php\/wp-json\/wp\/v2\/users\/1"}],"replies":[{"embeddable":true,"href":"https:\/\/serranderoma.com\/index.php\/wp-json\/wp\/v2\/comments?post=120"}],"version-history":[{"count":1,"href":"https:\/\/serranderoma.com\/index.php\/wp-json\/wp\/v2\/pages\/120\/revisions"}],"predecessor-version":[{"id":121,"href":"https:\/\/serranderoma.com\/index.php\/wp-json\/wp\/v2\/pages\/120\/revisions\/121"}],"wp:attachment":[{"href":"https:\/\/serranderoma.com\/index.php\/wp-json\/wp\/v2\/media?parent=120"}],"curies":[{"name":"wp","href":"https:\/\/api.w.org\/{rel}","templated":true}]}}